{"id":450,"date":"2021-11-17T15:12:23","date_gmt":"2021-11-17T15:12:23","guid":{"rendered":"http:\/\/www.factoriadetrapos.com\/?page_id=450"},"modified":"2021-11-17T17:22:18","modified_gmt":"2021-11-17T17:22:18","slug":"filmografia","status":"publish","type":"page","link":"http:\/\/www.factoriadetrapos.com\/index.php\/filmografia\/","title":{"rendered":"Filmograf\u00eda"},"content":{"rendered":"<p>[et_pb_section fb_built=\u00bb1&#8243; _builder_version=\u00bb4.12.1&#8243; _module_preset=\u00bbdefault\u00bb background_image=\u00bbhttp:\/\/www.factoriadetrapos.com\/wp-content\/uploads\/2021\/11\/thumbnail_053-02.png\u00bb global_colors_info=\u00bb{}\u00bb][\/et_pb_section][et_pb_section fb_built=\u00bb1&#8243; _builder_version=\u00bb4.12.1&#8243; _module_preset=\u00bbdefault\u00bb background_enable_image=\u00bboff\u00bb custom_padding=\u00bb23px||0px|||\u00bb global_colors_info=\u00bb{}\u00bb custom_margin=\u00bb60px|||||\u00bb][et_pb_row column_structure=\u00bb1_2,1_2&#8243; _builder_version=\u00bb4.12.1&#8243; custom_margin=\u00bb-18px|auto|-44px|auto||\u00bb custom_padding=\u00bb1px||0px|||\u00bb global_colors_info=\u00bb{}\u00bb][et_pb_column type=\u00bb1_2&#8243; _builder_version=\u00bb3.25&#8243; custom_padding=\u00bb70px||70px|\u00bb global_colors_info=\u00bb{}\u00bb custom_padding__hover=\u00bb|||\u00bb][et_pb_text admin_label=\u00bbTitle\u00bb _builder_version=\u00bb4.12.1&#8243; text_font=\u00bbNunito|600|||||||\u00bb text_font_size=\u00bb15px\u00bb header_font=\u00bb||||||||\u00bb header_2_font=\u00bbAbhaya Libre|700|||||||\u00bb header_2_font_size=\u00bb64px\u00bb header_2_line_height=\u00bb1.2em\u00bb header_4_font=\u00bbNunito|700||on|||||\u00bb header_4_text_color=\u00bb#bda392&#8243; header_4_letter_spacing=\u00bb2px\u00bb header_4_line_height=\u00bb1.8em\u00bb min_height=\u00bb151px\u00bb custom_margin=\u00bb-38px||-16px|||\u00bb animation_style=\u00bbslide\u00bb animation_direction=\u00bbright\u00bb animation_intensity_slide=\u00bb5%\u00bb animation_starting_opacity=\u00bb100%\u00bb header_font_size_tablet=\u00bb40px\u00bb header_font_size_last_edited=\u00bboff|desktop\u00bb header_2_font_size_tablet=\u00bb40px\u00bb header_2_font_size_phone=\u00bb\u00bb header_2_font_size_last_edited=\u00bbon|desktop\u00bb locked=\u00bboff\u00bb inline_fonts=\u00bbAnonymous Pro,Cambo,Averia Libre,Noto Sans HK\u00bb global_colors_info=\u00bb{}\u00bb]<\/p>\n<h4>de la peque\u00f1a a la gran pantalla<\/h4>\n<h2>Cine y T.V<\/h2>\n<p>[\/et_pb_text][et_pb_text _builder_version=\u00bb4.12.1&#8243; text_font=\u00bbNunito||||||||\u00bb text_font_size=\u00bb18px\u00bb text_line_height=\u00bb1.8em\u00bb header_font=\u00bb||||||||\u00bb min_height=\u00bb86px\u00bb custom_margin=\u00bb|||\u00bb custom_padding=\u00bb||10px|\u00bb animation_style=\u00bbslide\u00bb animation_direction=\u00bbright\u00bb animation_intensity_slide=\u00bb5%\u00bb animation_starting_opacity=\u00bb100%\u00bb locked=\u00bboff\u00bb global_colors_info=\u00bb{}\u00bb]<\/p>\n<p style=\"text-align: justify;\">Desde nuestro debut en televisi\u00f3n con la serie infantil <em>La Isla de Flora<\/em>, hemos participado en diversas series y pel\u00edculas como int\u00e9rpretes, titiriteros y productores. El primer rol protagonista de Jos\u00e9 Luis (Pepe Trapos) lleg\u00f3 con el personaje de Bigotoff, abuelo pelirrojo con una gran habilidad para las manualidades de cartulina. En 1995, Jos\u00e9 desempe\u00f1\u00f3 un peque\u00f1o papel en <em>La princesa que nunca se re\u00eda<\/em>, una adaptaci\u00f3n del cuento de Antonio Rodr\u00edguez Almodovar con debut cinematogr\u00e1fico de Paz Vega. El mismo a\u00f1o, Luisa P\u00e9rez y Fini P\u00e9rez se sumaron al equipo de <em>Taller de Trapos<\/em><em>. <\/em>Recientemente, Jos\u00e9 y Luisa han participado en los largometrajes de su hijo Miguel, <em>La Isla<\/em> y <em>Big, Big, Big<\/em>, estrenados en el Festival Europeo de Cine de Sevilla y exhibidos en festivales como L&#8217;Alternativa, Alcances o Filmadrid, entre otros. En esta secci\u00f3n tendr\u00e1s acceso a cr\u00edticas, trailers y fragmentos de algunas de ellas:\u00a0 \u00a0\u00a0<\/p>\n<p>[\/et_pb_text][et_pb_text _builder_version=\u00bb4.12.1&#8243; text_font=\u00bbNunito||||||||\u00bb text_font_size=\u00bb18px\u00bb text_line_height=\u00bb1.8em\u00bb header_font=\u00bb||||||||\u00bb custom_margin=\u00bb|||\u00bb custom_padding=\u00bb||0px|||\u00bb animation_style=\u00bbslide\u00bb animation_direction=\u00bbright\u00bb animation_intensity_slide=\u00bb5%\u00bb animation_starting_opacity=\u00bb100%\u00bb locked=\u00bboff\u00bb global_colors_info=\u00bb{}\u00bb]<\/p>\n<p><strong>Filmograf\u00eda<\/strong> <strong>parcial<\/strong><\/p>\n<ul>\n<li style=\"text-align: left;\"><a href=\"http:\/\/www.otroscineseuropa.com\/critica-de-big-big-big-de-carmen-haro-y-miguel-rodriguez-perez-el-hombre-trentuplicado\/\" target=\"_blank\" rel=\"noopener\"><span style=\"color: #0c71c3;\"><strong>Big, Big, Big<\/strong><\/span> (Miguel Rodr\u00edguez, Carmen Haro, 2019)<\/a><\/li>\n<li><a href=\"https:\/\/www.diariodesevilla.es\/ocio\/Isla-Flora-memoria-trapo_0_1188181300.html\" target=\"_blank\" rel=\"noopener\"><span style=\"color: #0c71c3;\"><strong>La Isla<\/strong><\/span> (Miguel Rodr\u00edguez, 2017)<\/a><\/li>\n<li><strong>La m\u00e1quina de la felicidad <\/strong>(Alex Waudby, 2013)<\/li>\n<li><strong>El globo azul. Piloto <\/strong>(2000)<\/li>\n<li><strong>La Biblioteca de Max. Piloto <\/strong>(2000)<\/li>\n<li><strong>La Mochila<\/strong> (1999)<\/li>\n<li><strong>Taller de Trapos<\/strong> (Joaqu\u00edn Arbide, 1995)<\/li>\n<li><a href=\"https:\/\/vimeo.com\/207005281\" target=\"_blank\" rel=\"noopener\"><span style=\"color: #0c71c3;\"><strong>La princesa que nunca se re\u00eda<\/strong><\/span> (Jos\u00e9 Carlos Librero, 1995)<\/a><\/li>\n<li><a href=\"https:\/\/www.youtube.com\/watch?v=8AT2Z6MxJLs&amp;list=PLua4zviuArT-RmPmz7KOVylq9DFp7fUQv&amp;index=3&amp;ab_channel=LaBandaTv\" target=\"_blank\" rel=\"noopener\"><span style=\"color: #0c71c3;\"><strong>La Isla de Flora<\/strong><\/span> (Joaqu\u00edn Arbide, 1990-1992)<\/a><\/li>\n<\/ul>\n<p>&nbsp;<\/p>\n<p>&nbsp;<\/p>\n<p>&nbsp;<\/p>\n<p style=\"text-align: justify;\">[\/et_pb_text][\/et_pb_column][et_pb_column type=\u00bb1_2&#8243; _builder_version=\u00bb3.25&#8243; custom_padding=\u00bb|||\u00bb global_colors_info=\u00bb{}\u00bb custom_padding__hover=\u00bb|||\u00bb][et_pb_image src=\u00bbhttp:\/\/www.factoriadetrapos.com\/wp-content\/uploads\/2021\/11\/Captura-de-pantalla-2018-02-12-a-las-17.54.07.png\u00bb title_text=\u00bbCaptura de pantalla 2018-02-12 a las 17.54.07&#8243; _builder_version=\u00bb4.12.1&#8243; _module_preset=\u00bbdefault\u00bb global_colors_info=\u00bb{}\u00bb][\/et_pb_image][et_pb_image src=\u00bbhttp:\/\/www.factoriadetrapos.com\/wp-content\/uploads\/2021\/11\/Captura-de-pantalla-2021-11-16-a-las-19.04.16-1.png\u00bb title_text=\u00bbCaptura de pantalla 2021-11-16 a las 19.04.16&#8243; _builder_version=\u00bb4.12.1&#8243; _module_preset=\u00bbdefault\u00bb global_colors_info=\u00bb{}\u00bb][\/et_pb_image][et_pb_image src=\u00bbhttp:\/\/www.factoriadetrapos.com\/wp-content\/uploads\/2021\/11\/Captura-de-pantalla-2021-11-17-a-las-17.37.27.png\u00bb title_text=\u00bbCaptura de pantalla 2021-11-17 a las 17.37.27&#8243; _builder_version=\u00bb4.12.1&#8243; _module_preset=\u00bbdefault\u00bb global_colors_info=\u00bb{}\u00bb][\/et_pb_image][\/et_pb_column][\/et_pb_row][\/et_pb_section][et_pb_section fb_built=\u00bb1&#8243; _builder_version=\u00bb4.12.1&#8243; _module_preset=\u00bbdefault\u00bb background_image=\u00bbhttp:\/\/www.factoriadetrapos.com\/wp-content\/uploads\/2021\/11\/thumbnail_053-03.png\u00bb custom_margin=\u00bb-29px||64px|||\u00bb global_colors_info=\u00bb{}\u00bb][\/et_pb_section]<\/p>\n","protected":false},"excerpt":{"rendered":"<p>de la peque\u00f1a a la gran pantalla Cine y T.VDesde nuestro debut en televisi\u00f3n con la serie infantil La Isla de Flora, hemos participado en diversas series y pel\u00edculas como int\u00e9rpretes, titiriteros y productores. El primer rol protagonista de Jos\u00e9 Luis (Pepe Trapos) lleg\u00f3 con el personaje de Bigotoff, abuelo pelirrojo con una gran habilidad [&hellip;]<\/p>\n","protected":false},"author":1,"featured_media":0,"parent":0,"menu_order":0,"comment_status":"closed","ping_status":"closed","template":"","meta":{"_et_pb_use_builder":"on","_et_pb_old_content":"","_et_gb_content_width":"","footnotes":""},"class_list":["post-450","page","type-page","status-publish","hentry"],"_links":{"self":[{"href":"http:\/\/www.factoriadetrapos.com\/index.php\/wp-json\/wp\/v2\/pages\/450","targetHints":{"allow":["GET"]}}],"collection":[{"href":"http:\/\/www.factoriadetrapos.com\/index.php\/wp-json\/wp\/v2\/pages"}],"about":[{"href":"http:\/\/www.factoriadetrapos.com\/index.php\/wp-json\/wp\/v2\/types\/page"}],"author":[{"embeddable":true,"href":"http:\/\/www.factoriadetrapos.com\/index.php\/wp-json\/wp\/v2\/users\/1"}],"replies":[{"embeddable":true,"href":"http:\/\/www.factoriadetrapos.com\/index.php\/wp-json\/wp\/v2\/comments?post=450"}],"version-history":[{"count":10,"href":"http:\/\/www.factoriadetrapos.com\/index.php\/wp-json\/wp\/v2\/pages\/450\/revisions"}],"predecessor-version":[{"id":475,"href":"http:\/\/www.factoriadetrapos.com\/index.php\/wp-json\/wp\/v2\/pages\/450\/revisions\/475"}],"wp:attachment":[{"href":"http:\/\/www.factoriadetrapos.com\/index.php\/wp-json\/wp\/v2\/media?parent=450"}],"curies":[{"name":"wp","href":"https:\/\/api.w.org\/{rel}","templated":true}]}}